{"id":30692,"date":"2019-04-10T14:21:26","date_gmt":"2019-04-10T12:21:26","guid":{"rendered":"https:\/\/marylinrebelo.com\/ie\/"},"modified":"2022-11-01T11:26:49","modified_gmt":"2022-11-01T10:26:49","slug":"ie","status":"publish","type":"page","link":"https:\/\/marylinrebelo.com\/en\/ie\/","title":{"rendered":"Navigateurs non pris en charge"},"content":{"rendered":"<p>For optimal viewing and security, we advise you to keep your browser up-to-date.<\/p>\n<p>The browsers running for this site are: Edge, Firefox, Chrome and Safari.<\/p>\n<p><em> Note on Internet Explorer: <\/em> Due to incompatibility of the browser, the display is not fully functional on Internet Explorer 11 or earlier. If you are using Internet Explorer 11 or earlier, we recommend that you upgrade your browser for the best experience.<\/p>\n","protected":false},"excerpt":{"rendered":"<p>For optimal viewing and security, we advise you to keep your browser up-to-date. The browsers running for this site are: Edge, Firefox, Chrome and Safari. Note on Internet Explorer: Due to incompatibility of the browser, the display is not fully functional on Internet Explorer 11 or earlier. If you are using Internet Explorer 11 or&#8230;<\/p>\n","protected":false},"author":5,"featured_media":36390,"parent":0,"menu_order":0,"comment_status":"closed","ping_status":"closed","template":"","meta":{"_kad_blocks_custom_css":"","_kad_blocks_head_custom_js":"","_kad_blocks_body_custom_js":"","_kad_blocks_footer_custom_js":"","_kad_post_transparent":"","_kad_post_title":"","_kad_post_layout":"","_kad_post_sidebar_id":"","_kad_post_content_style":"","_kad_post_vertical_padding":"","_kad_post_feature":"","_kad_post_feature_position":"","_kad_post_header":false,"_kad_post_footer":false,"footnotes":""},"class_list":["post-30692","page","type-page","status-publish","has-post-thumbnail","hentry"],"yoast_head":"<!-- This site is optimized with the Yoast SEO plugin v27.0 - https:\/\/yoast.com\/product\/yoast-seo-wordpress\/ -->\n<title>Navigateurs non pris en charge &#8211; Marylin Rebelo<\/title>\n<meta name=\"robots\" content=\"index, follow, max-snippet:-1, max-image-preview:large, max-video-preview:-1\" \/>\n<link rel=\"canonical\" href=\"https:\/\/marylinrebelo.com\/en\/ie\/\" \/>\n<meta property=\"og:locale\" content=\"en_US\" \/>\n<meta property=\"og:type\" content=\"article\" \/>\n<meta property=\"og:title\" content=\"Navigateurs non pris en charge &#8211; Marylin Rebelo\" \/>\n<meta property=\"og:description\" content=\"For optimal viewing and security, we advise you to keep your browser up-to-date. The browsers running for this site are: Edge, Firefox, Chrome and Safari. Note on Internet Explorer: Due to incompatibility of the browser, the display is not fully functional on Internet Explorer 11 or earlier. If you are using Internet Explorer 11 or...\" \/>\n<meta property=\"og:url\" content=\"https:\/\/marylinrebelo.com\/en\/ie\/\" \/>\n<meta property=\"og:site_name\" content=\"Marylin Rebelo\" \/>\n<meta property=\"article:publisher\" content=\"https:\/\/www.facebook.com\/alovelydayCH\" \/>\n<meta property=\"article:modified_time\" content=\"2022-11-01T10:26:49+00:00\" \/>\n<meta property=\"og:image\" content=\"https:\/\/marylinrebelo.com\/wp-content\/uploads\/2015\/05\/ceremonie_laique_definition.jpg\" \/>\n\t<meta property=\"og:image:width\" content=\"530\" \/>\n\t<meta property=\"og:image:height\" content=\"354\" \/>\n\t<meta property=\"og:image:type\" content=\"image\/jpeg\" \/>\n<meta name=\"twitter:card\" content=\"summary_large_image\" \/>\n<meta name=\"twitter:site\" content=\"@aLovelyDay_ch\" \/>\n<script type=\"application\/ld+json\" class=\"yoast-schema-graph\">{\"@context\":\"https:\/\/schema.org\",\"@graph\":[{\"@type\":\"WebPage\",\"@id\":\"https:\/\/marylinrebelo.com\/en\/ie\/\",\"url\":\"https:\/\/marylinrebelo.com\/en\/ie\/\",\"name\":\"Navigateurs non pris en charge &#8211; Marylin Rebelo\",\"isPartOf\":{\"@id\":\"https:\/\/marylinrebelo.com\/en\/#website\"},\"primaryImageOfPage\":{\"@id\":\"https:\/\/marylinrebelo.com\/en\/ie\/#primaryimage\"},\"image\":{\"@id\":\"https:\/\/marylinrebelo.com\/en\/ie\/#primaryimage\"},\"thumbnailUrl\":\"https:\/\/marylinrebelo.com\/wp-content\/uploads\/2015\/05\/ceremonie_laique_definition.jpg\",\"datePublished\":\"2019-04-10T12:21:26+00:00\",\"dateModified\":\"2022-11-01T10:26:49+00:00\",\"breadcrumb\":{\"@id\":\"https:\/\/marylinrebelo.com\/en\/ie\/#breadcrumb\"},\"inLanguage\":\"en-US\",\"potentialAction\":[{\"@type\":\"ReadAction\",\"target\":[\"https:\/\/marylinrebelo.com\/en\/ie\/\"]}]},{\"@type\":\"ImageObject\",\"inLanguage\":\"en-US\",\"@id\":\"https:\/\/marylinrebelo.com\/en\/ie\/#primaryimage\",\"url\":\"https:\/\/marylinrebelo.com\/wp-content\/uploads\/2015\/05\/ceremonie_laique_definition.jpg\",\"contentUrl\":\"https:\/\/marylinrebelo.com\/wp-content\/uploads\/2015\/05\/ceremonie_laique_definition.jpg\",\"width\":530,\"height\":354},{\"@type\":\"BreadcrumbList\",\"@id\":\"https:\/\/marylinrebelo.com\/en\/ie\/#breadcrumb\",\"itemListElement\":[{\"@type\":\"ListItem\",\"position\":1,\"name\":\"Accueil\",\"item\":\"https:\/\/marylinrebelo.com\/en\/\"},{\"@type\":\"ListItem\",\"position\":2,\"name\":\"Navigateurs non pris en charge\"}]},{\"@type\":\"WebSite\",\"@id\":\"https:\/\/marylinrebelo.com\/en\/#website\",\"url\":\"https:\/\/marylinrebelo.com\/en\/\",\"name\":\"Marylin Rebelo\",\"description\":\"Votre c\u00e9r\u00e9monie la\u00efque et mariage la\u00efque en Suisse\",\"publisher\":{\"@id\":\"https:\/\/marylinrebelo.com\/en\/#organization\"},\"potentialAction\":[{\"@type\":\"SearchAction\",\"target\":{\"@type\":\"EntryPoint\",\"urlTemplate\":\"https:\/\/marylinrebelo.com\/en\/?s={search_term_string}\"},\"query-input\":{\"@type\":\"PropertyValueSpecification\",\"valueRequired\":true,\"valueName\":\"search_term_string\"}}],\"inLanguage\":\"en-US\"},{\"@type\":\"Organization\",\"@id\":\"https:\/\/marylinrebelo.com\/en\/#organization\",\"name\":\"Marylin Rebelo\",\"url\":\"https:\/\/marylinrebelo.com\/en\/\",\"logo\":{\"@type\":\"ImageObject\",\"inLanguage\":\"en-US\",\"@id\":\"https:\/\/marylinrebelo.com\/en\/#\/schema\/logo\/image\/\",\"url\":\"\",\"contentUrl\":\"\",\"caption\":\"Marylin Rebelo\"},\"image\":{\"@id\":\"https:\/\/marylinrebelo.com\/en\/#\/schema\/logo\/image\/\"},\"sameAs\":[\"https:\/\/www.facebook.com\/alovelydayCH\",\"https:\/\/x.com\/aLovelyDay_ch\",\"https:\/\/instagram.com\/alovelyday.ch\",\"https:\/\/www.linkedin.com\/company\/9460884\",\"https:\/\/fr.pinterest.com\/alovelydaych\/\",\"https:\/\/www.youtube.com\/channel\/UCNUdZ4IFmcOazE3kaNo9pcw\"]}]}<\/script>\n<!-- \/ Yoast SEO plugin. -->","yoast_head_json":{"title":"Navigateurs non pris en charge &#8211; Marylin Rebelo","robots":{"index":"index","follow":"follow","max-snippet":"max-snippet:-1","max-image-preview":"max-image-preview:large","max-video-preview":"max-video-preview:-1"},"canonical":"https:\/\/marylinrebelo.com\/en\/ie\/","og_locale":"en_US","og_type":"article","og_title":"Navigateurs non pris en charge &#8211; Marylin Rebelo","og_description":"For optimal viewing and security, we advise you to keep your browser up-to-date. The browsers running for this site are: Edge, Firefox, Chrome and Safari. Note on Internet Explorer: Due to incompatibility of the browser, the display is not fully functional on Internet Explorer 11 or earlier. If you are using Internet Explorer 11 or...","og_url":"https:\/\/marylinrebelo.com\/en\/ie\/","og_site_name":"Marylin Rebelo","article_publisher":"https:\/\/www.facebook.com\/alovelydayCH","article_modified_time":"2022-11-01T10:26:49+00:00","og_image":[{"width":530,"height":354,"url":"https:\/\/marylinrebelo.com\/wp-content\/uploads\/2015\/05\/ceremonie_laique_definition.jpg","type":"image\/jpeg"}],"twitter_card":"summary_large_image","twitter_site":"@aLovelyDay_ch","schema":{"@context":"https:\/\/schema.org","@graph":[{"@type":"WebPage","@id":"https:\/\/marylinrebelo.com\/en\/ie\/","url":"https:\/\/marylinrebelo.com\/en\/ie\/","name":"Navigateurs non pris en charge &#8211; Marylin Rebelo","isPartOf":{"@id":"https:\/\/marylinrebelo.com\/en\/#website"},"primaryImageOfPage":{"@id":"https:\/\/marylinrebelo.com\/en\/ie\/#primaryimage"},"image":{"@id":"https:\/\/marylinrebelo.com\/en\/ie\/#primaryimage"},"thumbnailUrl":"https:\/\/marylinrebelo.com\/wp-content\/uploads\/2015\/05\/ceremonie_laique_definition.jpg","datePublished":"2019-04-10T12:21:26+00:00","dateModified":"2022-11-01T10:26:49+00:00","breadcrumb":{"@id":"https:\/\/marylinrebelo.com\/en\/ie\/#breadcrumb"},"inLanguage":"en-US","potentialAction":[{"@type":"ReadAction","target":["https:\/\/marylinrebelo.com\/en\/ie\/"]}]},{"@type":"ImageObject","inLanguage":"en-US","@id":"https:\/\/marylinrebelo.com\/en\/ie\/#primaryimage","url":"https:\/\/marylinrebelo.com\/wp-content\/uploads\/2015\/05\/ceremonie_laique_definition.jpg","contentUrl":"https:\/\/marylinrebelo.com\/wp-content\/uploads\/2015\/05\/ceremonie_laique_definition.jpg","width":530,"height":354},{"@type":"BreadcrumbList","@id":"https:\/\/marylinrebelo.com\/en\/ie\/#breadcrumb","itemListElement":[{"@type":"ListItem","position":1,"name":"Accueil","item":"https:\/\/marylinrebelo.com\/en\/"},{"@type":"ListItem","position":2,"name":"Navigateurs non pris en charge"}]},{"@type":"WebSite","@id":"https:\/\/marylinrebelo.com\/en\/#website","url":"https:\/\/marylinrebelo.com\/en\/","name":"Marylin Rebelo","description":"Votre c\u00e9r\u00e9monie la\u00efque et mariage la\u00efque en Suisse","publisher":{"@id":"https:\/\/marylinrebelo.com\/en\/#organization"},"potentialAction":[{"@type":"SearchAction","target":{"@type":"EntryPoint","urlTemplate":"https:\/\/marylinrebelo.com\/en\/?s={search_term_string}"},"query-input":{"@type":"PropertyValueSpecification","valueRequired":true,"valueName":"search_term_string"}}],"inLanguage":"en-US"},{"@type":"Organization","@id":"https:\/\/marylinrebelo.com\/en\/#organization","name":"Marylin Rebelo","url":"https:\/\/marylinrebelo.com\/en\/","logo":{"@type":"ImageObject","inLanguage":"en-US","@id":"https:\/\/marylinrebelo.com\/en\/#\/schema\/logo\/image\/","url":"","contentUrl":"","caption":"Marylin Rebelo"},"image":{"@id":"https:\/\/marylinrebelo.com\/en\/#\/schema\/logo\/image\/"},"sameAs":["https:\/\/www.facebook.com\/alovelydayCH","https:\/\/x.com\/aLovelyDay_ch","https:\/\/instagram.com\/alovelyday.ch","https:\/\/www.linkedin.com\/company\/9460884","https:\/\/fr.pinterest.com\/alovelydaych\/","https:\/\/www.youtube.com\/channel\/UCNUdZ4IFmcOazE3kaNo9pcw"]}]}},"taxonomy_info":[],"featured_image_src_large":["https:\/\/marylinrebelo.com\/wp-content\/uploads\/2015\/05\/ceremonie_laique_definition.jpg",530,354,false],"author_info":{"display_name":"Marylin Rebelo","author_link":"https:\/\/marylinrebelo.com\/en\/author\/marylinalovelyday-ch\/"},"comment_info":0,"_links":{"self":[{"href":"https:\/\/marylinrebelo.com\/en\/wp-json\/wp\/v2\/pages\/30692","targetHints":{"allow":["GET"]}}],"collection":[{"href":"https:\/\/marylinrebelo.com\/en\/wp-json\/wp\/v2\/pages"}],"about":[{"href":"https:\/\/marylinrebelo.com\/en\/wp-json\/wp\/v2\/types\/page"}],"author":[{"embeddable":true,"href":"https:\/\/marylinrebelo.com\/en\/wp-json\/wp\/v2\/users\/5"}],"replies":[{"embeddable":true,"href":"https:\/\/marylinrebelo.com\/en\/wp-json\/wp\/v2\/comments?post=30692"}],"version-history":[{"count":0,"href":"https:\/\/marylinrebelo.com\/en\/wp-json\/wp\/v2\/pages\/30692\/revisions"}],"wp:featuredmedia":[{"embeddable":true,"href":"https:\/\/marylinrebelo.com\/en\/wp-json\/wp\/v2\/media\/36390"}],"wp:attachment":[{"href":"https:\/\/marylinrebelo.com\/en\/wp-json\/wp\/v2\/media?parent=30692"}],"curies":[{"name":"wp","href":"https:\/\/api.w.org\/{rel}","templated":true}]}}