{"id":2636,"date":"2015-11-19T19:12:51","date_gmt":"2015-11-19T18:12:51","guid":{"rendered":"https:\/\/marylinrebelo.com\/en\/?page_id=2636"},"modified":"2024-05-19T12:02:57","modified_gmt":"2024-05-19T10:02:57","slug":"testimonial-secular-ceremony","status":"publish","type":"page","link":"https:\/\/marylinrebelo.com\/en\/testimonial-secular-ceremony\/","title":{"rendered":"Testimonial secular ceremony Switzerland"},"content":{"rendered":"\n<p class=\"wp-block-flo-flo-flex-builder flo-render\"><\/p>\n\n\n\n<p class=\"wp-block-flo-flo-flex-builder flo-render\"><\/p>\n","protected":false},"excerpt":{"rendered":"","protected":false},"author":5,"featured_media":0,"parent":0,"menu_order":0,"comment_status":"open","ping_status":"closed","template":"","meta":{"_kad_blocks_custom_css":"","_kad_blocks_head_custom_js":"","_kad_blocks_body_custom_js":"","_kad_blocks_footer_custom_js":"","_kad_post_transparent":"","_kad_post_title":"","_kad_post_layout":"","_kad_post_sidebar_id":"","_kad_post_content_style":"","_kad_post_vertical_padding":"","_kad_post_feature":"","_kad_post_feature_position":"","_kad_post_header":false,"_kad_post_footer":false,"footnotes":""},"class_list":["post-2636","page","type-page","status-publish","hentry"],"yoast_head":"<!-- This site is optimized with the Yoast SEO plugin v27.0 - https:\/\/yoast.com\/product\/yoast-seo-wordpress\/ -->\n<title>Testimonial secular ceremony Switzerland &#8211; Marylin Rebelo<\/title>\n<meta name=\"description\" content=\"Reviews and testimonial of couples who have created and celebrated their secular wedding ceremony in Switzerland with Marylin Rebelo.\" \/>\n<meta name=\"robots\" content=\"index, follow, max-snippet:-1, max-image-preview:large, max-video-preview:-1\" \/>\n<link rel=\"canonical\" href=\"https:\/\/marylinrebelo.com\/en\/testimonial-secular-ceremony\/\" \/>\n<meta property=\"og:locale\" content=\"en_US\" \/>\n<meta property=\"og:type\" content=\"article\" \/>\n<meta property=\"og:title\" content=\"Testimonial secular ceremony Switzerland &#8211; Marylin Rebelo\" \/>\n<meta property=\"og:description\" content=\"Reviews and testimonial of couples who have created and celebrated their secular wedding ceremony in Switzerland with Marylin Rebelo.\" \/>\n<meta property=\"og:url\" content=\"https:\/\/marylinrebelo.com\/en\/testimonial-secular-ceremony\/\" \/>\n<meta property=\"og:site_name\" content=\"Marylin Rebelo\" \/>\n<meta property=\"article:publisher\" content=\"https:\/\/www.facebook.com\/alovelydayCH\" \/>\n<meta property=\"article:modified_time\" content=\"2024-05-19T10:02:57+00:00\" \/>\n<meta name=\"twitter:card\" content=\"summary_large_image\" \/>\n<meta name=\"twitter:site\" content=\"@aLovelyDay_ch\" \/>\n<meta name=\"twitter:label1\" content=\"Est. reading time\" \/>\n\t<meta name=\"twitter:data1\" content=\"4 minutes\" \/>\n<script type=\"application\/ld+json\" class=\"yoast-schema-graph\">{\"@context\":\"https:\/\/schema.org\",\"@graph\":[{\"@type\":\"WebPage\",\"@id\":\"https:\/\/marylinrebelo.com\/en\/testimonial-secular-ceremony\/\",\"url\":\"https:\/\/marylinrebelo.com\/en\/testimonial-secular-ceremony\/\",\"name\":\"Testimonial secular ceremony Switzerland &#8211; Marylin Rebelo\",\"isPartOf\":{\"@id\":\"https:\/\/marylinrebelo.com\/en\/#website\"},\"datePublished\":\"2015-11-19T18:12:51+00:00\",\"dateModified\":\"2024-05-19T10:02:57+00:00\",\"description\":\"Reviews and testimonial of couples who have created and celebrated their secular wedding ceremony in Switzerland with Marylin Rebelo.\",\"breadcrumb\":{\"@id\":\"https:\/\/marylinrebelo.com\/en\/testimonial-secular-ceremony\/#breadcrumb\"},\"inLanguage\":\"en-US\",\"potentialAction\":[{\"@type\":\"ReadAction\",\"target\":[\"https:\/\/marylinrebelo.com\/en\/testimonial-secular-ceremony\/\"]}]},{\"@type\":\"BreadcrumbList\",\"@id\":\"https:\/\/marylinrebelo.com\/en\/testimonial-secular-ceremony\/#breadcrumb\",\"itemListElement\":[{\"@type\":\"ListItem\",\"position\":1,\"name\":\"Accueil\",\"item\":\"https:\/\/marylinrebelo.com\/en\/wedding-elopement-officiant-switzerland\/\"},{\"@type\":\"ListItem\",\"position\":2,\"name\":\"Testimonial secular ceremony Switzerland\"}]},{\"@type\":\"WebSite\",\"@id\":\"https:\/\/marylinrebelo.com\/en\/#website\",\"url\":\"https:\/\/marylinrebelo.com\/en\/\",\"name\":\"Marylin Rebelo\",\"description\":\"Votre c\u00e9r\u00e9monie la\u00efque et mariage la\u00efque en Suisse\",\"publisher\":{\"@id\":\"https:\/\/marylinrebelo.com\/en\/#organization\"},\"potentialAction\":[{\"@type\":\"SearchAction\",\"target\":{\"@type\":\"EntryPoint\",\"urlTemplate\":\"https:\/\/marylinrebelo.com\/en\/?s={search_term_string}\"},\"query-input\":{\"@type\":\"PropertyValueSpecification\",\"valueRequired\":true,\"valueName\":\"search_term_string\"}}],\"inLanguage\":\"en-US\"},{\"@type\":\"Organization\",\"@id\":\"https:\/\/marylinrebelo.com\/en\/#organization\",\"name\":\"Marylin Rebelo\",\"url\":\"https:\/\/marylinrebelo.com\/en\/\",\"logo\":{\"@type\":\"ImageObject\",\"inLanguage\":\"en-US\",\"@id\":\"https:\/\/marylinrebelo.com\/en\/#\/schema\/logo\/image\/\",\"url\":\"\",\"contentUrl\":\"\",\"caption\":\"Marylin Rebelo\"},\"image\":{\"@id\":\"https:\/\/marylinrebelo.com\/en\/#\/schema\/logo\/image\/\"},\"sameAs\":[\"https:\/\/www.facebook.com\/alovelydayCH\",\"https:\/\/x.com\/aLovelyDay_ch\",\"https:\/\/instagram.com\/alovelyday.ch\",\"https:\/\/www.linkedin.com\/company\/9460884\",\"https:\/\/fr.pinterest.com\/alovelydaych\/\",\"https:\/\/www.youtube.com\/channel\/UCNUdZ4IFmcOazE3kaNo9pcw\"]}]}<\/script>\n<!-- \/ Yoast SEO plugin. -->","yoast_head_json":{"title":"Testimonial secular ceremony Switzerland &#8211; Marylin Rebelo","description":"Reviews and testimonial of couples who have created and celebrated their secular wedding ceremony in Switzerland with Marylin Rebelo.","robots":{"index":"index","follow":"follow","max-snippet":"max-snippet:-1","max-image-preview":"max-image-preview:large","max-video-preview":"max-video-preview:-1"},"canonical":"https:\/\/marylinrebelo.com\/en\/testimonial-secular-ceremony\/","og_locale":"en_US","og_type":"article","og_title":"Testimonial secular ceremony Switzerland &#8211; Marylin Rebelo","og_description":"Reviews and testimonial of couples who have created and celebrated their secular wedding ceremony in Switzerland with Marylin Rebelo.","og_url":"https:\/\/marylinrebelo.com\/en\/testimonial-secular-ceremony\/","og_site_name":"Marylin Rebelo","article_publisher":"https:\/\/www.facebook.com\/alovelydayCH","article_modified_time":"2024-05-19T10:02:57+00:00","twitter_card":"summary_large_image","twitter_site":"@aLovelyDay_ch","twitter_misc":{"Est. reading time":"4 minutes"},"schema":{"@context":"https:\/\/schema.org","@graph":[{"@type":"WebPage","@id":"https:\/\/marylinrebelo.com\/en\/testimonial-secular-ceremony\/","url":"https:\/\/marylinrebelo.com\/en\/testimonial-secular-ceremony\/","name":"Testimonial secular ceremony Switzerland &#8211; Marylin Rebelo","isPartOf":{"@id":"https:\/\/marylinrebelo.com\/en\/#website"},"datePublished":"2015-11-19T18:12:51+00:00","dateModified":"2024-05-19T10:02:57+00:00","description":"Reviews and testimonial of couples who have created and celebrated their secular wedding ceremony in Switzerland with Marylin Rebelo.","breadcrumb":{"@id":"https:\/\/marylinrebelo.com\/en\/testimonial-secular-ceremony\/#breadcrumb"},"inLanguage":"en-US","potentialAction":[{"@type":"ReadAction","target":["https:\/\/marylinrebelo.com\/en\/testimonial-secular-ceremony\/"]}]},{"@type":"BreadcrumbList","@id":"https:\/\/marylinrebelo.com\/en\/testimonial-secular-ceremony\/#breadcrumb","itemListElement":[{"@type":"ListItem","position":1,"name":"Accueil","item":"https:\/\/marylinrebelo.com\/en\/wedding-elopement-officiant-switzerland\/"},{"@type":"ListItem","position":2,"name":"Testimonial secular ceremony Switzerland"}]},{"@type":"WebSite","@id":"https:\/\/marylinrebelo.com\/en\/#website","url":"https:\/\/marylinrebelo.com\/en\/","name":"Marylin Rebelo","description":"Votre c\u00e9r\u00e9monie la\u00efque et mariage la\u00efque en Suisse","publisher":{"@id":"https:\/\/marylinrebelo.com\/en\/#organization"},"potentialAction":[{"@type":"SearchAction","target":{"@type":"EntryPoint","urlTemplate":"https:\/\/marylinrebelo.com\/en\/?s={search_term_string}"},"query-input":{"@type":"PropertyValueSpecification","valueRequired":true,"valueName":"search_term_string"}}],"inLanguage":"en-US"},{"@type":"Organization","@id":"https:\/\/marylinrebelo.com\/en\/#organization","name":"Marylin Rebelo","url":"https:\/\/marylinrebelo.com\/en\/","logo":{"@type":"ImageObject","inLanguage":"en-US","@id":"https:\/\/marylinrebelo.com\/en\/#\/schema\/logo\/image\/","url":"","contentUrl":"","caption":"Marylin Rebelo"},"image":{"@id":"https:\/\/marylinrebelo.com\/en\/#\/schema\/logo\/image\/"},"sameAs":["https:\/\/www.facebook.com\/alovelydayCH","https:\/\/x.com\/aLovelyDay_ch","https:\/\/instagram.com\/alovelyday.ch","https:\/\/www.linkedin.com\/company\/9460884","https:\/\/fr.pinterest.com\/alovelydaych\/","https:\/\/www.youtube.com\/channel\/UCNUdZ4IFmcOazE3kaNo9pcw"]}]}},"taxonomy_info":[],"featured_image_src_large":false,"author_info":{"display_name":"Marylin Rebelo","author_link":"https:\/\/marylinrebelo.com\/en\/author\/marylinalovelyday-ch\/"},"comment_info":0,"_links":{"self":[{"href":"https:\/\/marylinrebelo.com\/en\/wp-json\/wp\/v2\/pages\/2636","targetHints":{"allow":["GET"]}}],"collection":[{"href":"https:\/\/marylinrebelo.com\/en\/wp-json\/wp\/v2\/pages"}],"about":[{"href":"https:\/\/marylinrebelo.com\/en\/wp-json\/wp\/v2\/types\/page"}],"author":[{"embeddable":true,"href":"https:\/\/marylinrebelo.com\/en\/wp-json\/wp\/v2\/users\/5"}],"replies":[{"embeddable":true,"href":"https:\/\/marylinrebelo.com\/en\/wp-json\/wp\/v2\/comments?post=2636"}],"version-history":[{"count":0,"href":"https:\/\/marylinrebelo.com\/en\/wp-json\/wp\/v2\/pages\/2636\/revisions"}],"wp:attachment":[{"href":"https:\/\/marylinrebelo.com\/en\/wp-json\/wp\/v2\/media?parent=2636"}],"curies":[{"name":"wp","href":"https:\/\/api.w.org\/{rel}","templated":true}]}}